{"id":20,"date":"2024-04-29T13:29:43","date_gmt":"2024-04-29T13:29:43","guid":{"rendered":"https:\/\/parkhotel-taltos.com\/?page_id=20"},"modified":"2025-08-13T06:37:01","modified_gmt":"2025-08-13T06:37:01","slug":"kezdolap","status":"publish","type":"page","link":"https:\/\/parkhotel-taltos.com\/en\/","title":{"rendered":"Home page"},"content":{"rendered":"<h3>\n\t\t\tMagyarorsz\u00e1g egyik legszebb t\u00e1j\u00e1n, a B\u00fckki Nemzeti Park perem\u00e9n, Eger szomsz\u00e9ds\u00e1g\u00e1ban, Fels\u0151t\u00e1rk\u00e1nyban tal\u00e1lhat\u00f3 a T\u00e1ltos Ifj\u00fas\u00e1gi Sz\u00e1ll\u00e1shelyek. Hegyvid\u00e9ki sz\u00e1ll\u00e1sunk egy gy\u00f6ny\u00f6r\u0171en gondozott 3,5 hekt\u00e1ros parkban ter\u00fcl el.\t<\/h3>\n\t\t\t\t<img decoding=\"async\" src=\"https:\/\/parkhotel-taltos.com\/wp-content\/uploads\/2024\/04\/Hotel1-scaled.jpg\" alt=\"Hotel1\" itemprop=\"image\" height=\"1707\" width=\"2560\" title=\"Hotel1\" onerror=\"this.style.display='none'\" loading=\"lazy\" \/>\n<h2>\n\t\t\tIfj\u00fas\u00e1gi Sz\u00e1ll\u00e1shelyek\t<\/h2>\n\t<p>Ifj\u00fas\u00e1gi sz\u00e1ll\u00e1sunk egy 3,5 hekt\u00e1ros parkban, \u00e1prilist\u00f3l novemberig v\u00e1rja vend\u00e9geit felszerelt szob\u00e1kkal \u00e9s \u00e9tteremmel. Csoportoknak konferencia- \u00e9s el\u0151ad\u00f3termeket, valamint sportp\u00e1ly\u00e1kat \u00e9s medenc\u00e9t is biztos\u00edtunk. \u00c1rainkr\u00f3l e-mailben adunk t\u00e1j\u00e9koztat\u00e1st.<\/p>\n\t\t\t<a href=\"https:\/\/parkhotel-taltos.com\/en\/ifjusagi-szallashelyek\/\" target=\"_self\">\n\t\t\t\t\t\t\tMore information\n\t\t\t\t\t<\/a>\n<h2>\n\t\t\tIfj\u00fas\u00e1gi Sz\u00e1ll\u00e1shelyeinkr\u0151l itt k\u00e9rhet aj\u00e1nlatot online, telefonon vagy emailben.\t<\/h2>\n\t\t\t<a href=\"https:\/\/parkhotel-taltos.com\/en\/ajanlatkeres\/\" target=\"_self\">\n\t\t\t\t\t\t\tRequest for quotation\n\t\t\t\t\t<\/a>\n\t\t\t\t<img decoding=\"async\" src=\"https:\/\/parkhotel-taltos.com\/wp-content\/uploads\/2024\/04\/Screenshot-from-2024-04-12-11-13-00.png\" alt=\"Screenshot from 2024-04-12 11-13-00\" itemprop=\"image\" height=\"708\" width=\"941\" title=\"Screenshot from 2024-04-12 11-13-00\" onerror=\"this.style.display='none'\" loading=\"lazy\" \/>\n<h2>\n\t\t\tContact\t<\/h2>\n\t<p class=\"translation-block\"><strong>Address: <\/strong> <em>3324 Fels\u0151t\u00e1rk\u00e1ny, Ifj\u00fas\u00e1g street 1.<\/em><\/p>\n<p><strong><strong>Telephone:<\/strong><\/strong> <em>06 36\/534-071<\/em><\/p>\n<p><strong><strong>Email:<\/strong><\/strong> <em>info@parkhotel-taltos.com<\/em><\/p>\n\t\t\t<a href=\"https:\/\/www.google.com\/maps\/place\/Park+Hotel+T%C3%A1ltos\/@47.9773456,20.4225805,15.18z\/data=!4m20!1m10!3m9!1s0x47408ff9a0ecf095:0x7467b913e059a4f4!2sPark+Hotel+T%C3%A1ltos!5m2!4m1!1i2!8m2!3d47.9772952!4d20.4394995!16s%2Fg%2F11h_0nt743!3m8!1s0x47408ff9a0ecf095:0x7467b913e059a4f4!5m2!4m1!1i2!8m2!3d47.9772952!4d20.4394995!16s%2Fg%2F11h_0nt743?hl=hu&#038;entry=ttu\" target=\"_self\">\n\t\t\t\t\t\t\tGoogle map\n\t\t\t\t\t<\/a>","protected":false},"excerpt":{"rendered":"<p>Magyarorsz\u00e1g egyik legszebb t\u00e1j\u00e1n, a B\u00fckki Nemzeti Park perem\u00e9n, Eger szomsz\u00e9ds\u00e1g\u00e1ban, Fels\u0151t\u00e1rk\u00e1nyban tal\u00e1lhat\u00f3 a T\u00e1ltos Ifj\u00fas\u00e1gi Sz\u00e1ll\u00e1shelyek. Hegyvid\u00e9ki sz\u00e1ll\u00e1sunk egy [&hellip;]<\/p>","protected":false},"author":1,"featured_media":0,"parent":0,"menu_order":0,"comment_status":"closed","ping_status":"closed","template":"","meta":{"site-sidebar-layout":"default","site-content-layout":"","ast-site-content-layout":"default","site-content-style":"default","site-sidebar-style":"default","ast-global-header-display":"","ast-banner-title-visibility":"","ast-main-header-display":"","ast-hfb-above-header-display":"","ast-hfb-below-header-display":"","ast-hfb-mobile-header-display":"","site-post-title":"disabled","ast-breadcrumbs-content":"","ast-featured-img":"","footer-sml-layout":"","theme-transparent-header-meta":"","adv-header-id-meta":"","stick-header-meta":"","header-above-stick-meta":"","header-main-stick-meta":"","header-below-stick-meta":"","astra-migrate-meta-layouts":"default","ast-page-background-enabled":"default","ast-page-background-meta":{"desktop":{"background-color":"var(--ast-global-color-4)","background-image":"","background-repeat":"repeat","background-position":"center center","background-size":"auto","background-attachment":"scroll","background-type":"","background-media":"","overlay-type":"","overlay-color":"","overlay-opacity":"","overlay-gradient":""},"tablet":{"background-color":"","background-image":"","background-repeat":"repeat","background-position":"center center","background-size":"auto","background-attachment":"scroll","background-type":"","background-media":"","overlay-type":"","overlay-color":"","overlay-opacity":"","overlay-gradient":""},"mobile":{"background-color":"","background-image":"","background-repeat":"repeat","background-position":"center center","background-size":"auto","background-attachment":"scroll","background-type":"","background-media":"","overlay-type":"","overlay-color":"","overlay-opacity":"","overlay-gradient":""}},"ast-content-background-meta":{"desktop":{"background-color":"var(--ast-global-color-5)","background-image":"","background-repeat":"repeat","background-position":"center center","background-size":"auto","background-attachment":"scroll","background-type":"","background-media":"","overlay-type":"","overlay-color":"","overlay-opacity":"","overlay-gradient":""},"tablet":{"background-color":"var(--ast-global-color-5)","background-image":"","background-repeat":"repeat","background-position":"center center","background-size":"auto","background-attachment":"scroll","background-type":"","background-media":"","overlay-type":"","overlay-color":"","overlay-opacity":"","overlay-gradient":""},"mobile":{"background-color":"var(--ast-global-color-5)","background-image":"","background-repeat":"repeat","background-position":"center center","background-size":"auto","background-attachment":"scroll","background-type":"","background-media":"","overlay-type":"","overlay-color":"","overlay-opacity":"","overlay-gradient":""}},"footnotes":""},"class_list":["post-20","page","type-page","status-publish","hentry"],"_links":{"self":[{"href":"https:\/\/parkhotel-taltos.com\/en\/wp-json\/wp\/v2\/pages\/20","targetHints":{"allow":["GET"]}}],"collection":[{"href":"https:\/\/parkhotel-taltos.com\/en\/wp-json\/wp\/v2\/pages"}],"about":[{"href":"https:\/\/parkhotel-taltos.com\/en\/wp-json\/wp\/v2\/types\/page"}],"author":[{"embeddable":true,"href":"https:\/\/parkhotel-taltos.com\/en\/wp-json\/wp\/v2\/users\/1"}],"replies":[{"embeddable":true,"href":"https:\/\/parkhotel-taltos.com\/en\/wp-json\/wp\/v2\/comments?post=20"}],"version-history":[{"count":0,"href":"https:\/\/parkhotel-taltos.com\/en\/wp-json\/wp\/v2\/pages\/20\/revisions"}],"wp:attachment":[{"href":"https:\/\/parkhotel-taltos.com\/en\/wp-json\/wp\/v2\/media?parent=20"}],"curies":[{"name":"wp","href":"https:\/\/api.w.org\/{rel}","templated":true}]}}